{"id":4216,"date":"2024-04-19T08:46:09","date_gmt":"2024-04-19T06:46:09","guid":{"rendered":"https:\/\/ra-cocron.de\/cocron-hukuk-buerosu-miras-hukuku-ve-daha-fazlasi-icin-bueronuz\/"},"modified":"2026-04-15T10:53:51","modified_gmt":"2026-04-15T08:53:51","slug":"cocron-hukuk-buerosu-miras-hukuku-ve-daha-fazlasi-icin-bueronuz","status":"publish","type":"page","link":"https:\/\/ra-cocron.de\/tr\/","title":{"rendered":"Cocron Hukuk B\u00fcrosu: Miras Hukuku ve daha fazlas\u0131 i\u00e7in b\u00fcronuz.."},"content":{"rendered":"","protected":false},"excerpt":{"rendered":"","protected":false},"author":1,"featured_media":0,"parent":0,"menu_order":0,"comment_status":"closed","ping_status":"closed","template":"","meta":{"footnotes":""},"class_list":["post-4216","page","type-page","status-publish","hentry"],"_links":{"self":[{"href":"https:\/\/ra-cocron.de\/tr\/wp-json\/wp\/v2\/pages\/4216","targetHints":{"allow":["GET"]}}],"collection":[{"href":"https:\/\/ra-cocron.de\/tr\/wp-json\/wp\/v2\/pages"}],"about":[{"href":"https:\/\/ra-cocron.de\/tr\/wp-json\/wp\/v2\/types\/page"}],"author":[{"embeddable":true,"href":"https:\/\/ra-cocron.de\/tr\/wp-json\/wp\/v2\/users\/1"}],"replies":[{"embeddable":true,"href":"https:\/\/ra-cocron.de\/tr\/wp-json\/wp\/v2\/comments?post=4216"}],"version-history":[{"count":3,"href":"https:\/\/ra-cocron.de\/tr\/wp-json\/wp\/v2\/pages\/4216\/revisions"}],"predecessor-version":[{"id":4755,"href":"https:\/\/ra-cocron.de\/tr\/wp-json\/wp\/v2\/pages\/4216\/revisions\/4755"}],"wp:attachment":[{"href":"https:\/\/ra-cocron.de\/tr\/wp-json\/wp\/v2\/media?parent=4216"}],"curies":[{"name":"wp","href":"https:\/\/api.w.org\/{rel}","templated":true}]}}