{"id":4204,"date":"2025-10-19T11:19:37","date_gmt":"2025-10-19T09:19:37","guid":{"rendered":"https:\/\/ra-cocron.de\/cevrimici-kumarhane-kayiplarinizi-geri-kazanin-sansinizi-simdi-guevence-altina-alin\/"},"modified":"2025-10-19T11:19:37","modified_gmt":"2025-10-19T09:19:37","slug":"cevrimici-kumarhane-kayiplarinizi-geri-kazanin-sansinizi-simdi-guevence-altina-alin","status":"publish","type":"page","link":"https:\/\/ra-cocron.de\/tr\/cevrimici-kumarhane-kayiplarinizi-geri-kazanin-sansinizi-simdi-guevence-altina-alin\/","title":{"rendered":"\u00c7evrimi\u00e7i kumarhane kay\u0131plar\u0131n\u0131z\u0131 geri kazan\u0131n \u2013 \u015fans\u0131n\u0131z\u0131 \u015fimdi g\u00fcvence alt\u0131na al\u0131n!"},"content":{"rendered":"","protected":false},"excerpt":{"rendered":"","protected":false},"author":6,"featured_media":0,"parent":0,"menu_order":0,"comment_status":"closed","ping_status":"closed","template":"","meta":{"footnotes":""},"class_list":["post-4204","page","type-page","status-publish","hentry"],"_links":{"self":[{"href":"https:\/\/ra-cocron.de\/tr\/wp-json\/wp\/v2\/pages\/4204","targetHints":{"allow":["GET"]}}],"collection":[{"href":"https:\/\/ra-cocron.de\/tr\/wp-json\/wp\/v2\/pages"}],"about":[{"href":"https:\/\/ra-cocron.de\/tr\/wp-json\/wp\/v2\/types\/page"}],"author":[{"embeddable":true,"href":"https:\/\/ra-cocron.de\/tr\/wp-json\/wp\/v2\/users\/6"}],"replies":[{"embeddable":true,"href":"https:\/\/ra-cocron.de\/tr\/wp-json\/wp\/v2\/comments?post=4204"}],"version-history":[{"count":0,"href":"https:\/\/ra-cocron.de\/tr\/wp-json\/wp\/v2\/pages\/4204\/revisions"}],"wp:attachment":[{"href":"https:\/\/ra-cocron.de\/tr\/wp-json\/wp\/v2\/media?parent=4204"}],"curies":[{"name":"wp","href":"https:\/\/api.w.org\/{rel}","templated":true}]}}