{"id":4126,"date":"2026-02-09T05:44:35","date_gmt":"2026-02-09T04:44:35","guid":{"rendered":"https:\/\/ra-cocron.de\/telepatik-es-birlesmesi-icin-uecretlerin-iadesi\/"},"modified":"2026-03-27T04:55:06","modified_gmt":"2026-03-27T03:55:06","slug":"telepatik-es-birlesmesi-icin-uecretlerin-iadesi","status":"publish","type":"page","link":"https:\/\/ra-cocron.de\/tr\/telepatik-es-birlesmesi-icin-uecretlerin-iadesi\/","title":{"rendered":"Telepatik e\u015f birle\u015fmesi i\u00e7in \u00fccretlerin iadesi"},"content":{"rendered":"","protected":false},"excerpt":{"rendered":"","protected":false},"author":8,"featured_media":0,"parent":0,"menu_order":0,"comment_status":"closed","ping_status":"closed","template":"","meta":{"footnotes":""},"class_list":["post-4126","page","type-page","status-publish","hentry"],"_links":{"self":[{"href":"https:\/\/ra-cocron.de\/tr\/wp-json\/wp\/v2\/pages\/4126","targetHints":{"allow":["GET"]}}],"collection":[{"href":"https:\/\/ra-cocron.de\/tr\/wp-json\/wp\/v2\/pages"}],"about":[{"href":"https:\/\/ra-cocron.de\/tr\/wp-json\/wp\/v2\/types\/page"}],"author":[{"embeddable":true,"href":"https:\/\/ra-cocron.de\/tr\/wp-json\/wp\/v2\/users\/8"}],"replies":[{"embeddable":true,"href":"https:\/\/ra-cocron.de\/tr\/wp-json\/wp\/v2\/comments?post=4126"}],"version-history":[{"count":1,"href":"https:\/\/ra-cocron.de\/tr\/wp-json\/wp\/v2\/pages\/4126\/revisions"}],"predecessor-version":[{"id":4131,"href":"https:\/\/ra-cocron.de\/tr\/wp-json\/wp\/v2\/pages\/4126\/revisions\/4131"}],"wp:attachment":[{"href":"https:\/\/ra-cocron.de\/tr\/wp-json\/wp\/v2\/media?parent=4126"}],"curies":[{"name":"wp","href":"https:\/\/api.w.org\/{rel}","templated":true}]}}