{"id":3482,"date":"2025-11-17T06:05:42","date_gmt":"2025-11-17T05:05:42","guid":{"rendered":"https:\/\/ra-cocron.de\/violacion-de-limites-en-juegos-de-azar-en-linea-asegure-su-reembolso-ahora\/"},"modified":"2026-01-28T16:00:24","modified_gmt":"2026-01-28T15:00:24","slug":"violacion-de-limites-en-juegos-de-azar-en-linea-asegure-su-reembolso-ahora","status":"publish","type":"page","link":"https:\/\/ra-cocron.de\/es\/violacion-de-limites-en-juegos-de-azar-en-linea-asegure-su-reembolso-ahora\/","title":{"rendered":"Violaci\u00f3n de l\u00edmites en juegos de azar en l\u00ednea: \u00a1asegure su reembolso ahora!"},"content":{"rendered":"","protected":false},"excerpt":{"rendered":"","protected":false},"author":6,"featured_media":0,"parent":0,"menu_order":0,"comment_status":"closed","ping_status":"closed","template":"","meta":{"footnotes":""},"class_list":["post-3482","page","type-page","status-publish","hentry"],"_links":{"self":[{"href":"https:\/\/ra-cocron.de\/es\/wp-json\/wp\/v2\/pages\/3482","targetHints":{"allow":["GET"]}}],"collection":[{"href":"https:\/\/ra-cocron.de\/es\/wp-json\/wp\/v2\/pages"}],"about":[{"href":"https:\/\/ra-cocron.de\/es\/wp-json\/wp\/v2\/types\/page"}],"author":[{"embeddable":true,"href":"https:\/\/ra-cocron.de\/es\/wp-json\/wp\/v2\/users\/6"}],"replies":[{"embeddable":true,"href":"https:\/\/ra-cocron.de\/es\/wp-json\/wp\/v2\/comments?post=3482"}],"version-history":[{"count":1,"href":"https:\/\/ra-cocron.de\/es\/wp-json\/wp\/v2\/pages\/3482\/revisions"}],"predecessor-version":[{"id":3498,"href":"https:\/\/ra-cocron.de\/es\/wp-json\/wp\/v2\/pages\/3482\/revisions\/3498"}],"wp:attachment":[{"href":"https:\/\/ra-cocron.de\/es\/wp-json\/wp\/v2\/media?parent=3482"}],"curies":[{"name":"wp","href":"https:\/\/api.w.org\/{rel}","templated":true}]}}